{"id":67,"date":"2018-03-08T19:28:04","date_gmt":"2018-03-08T19:28:04","guid":{"rendered":"http:\/\/fisioterapiamaestria.com\/?page_id=67"},"modified":"2022-06-08T11:33:31","modified_gmt":"2022-06-08T11:33:31","slug":"nuestro-centro","status":"publish","type":"page","link":"https:\/\/fisioterapiamaestria.com\/?page_id=67","title":{"rendered":"Nuestro Centro"},"content":{"rendered":"<h3 class=\"section-title\" style=\"text-align: center;\"><span style=\"color: #0693e3;\">La Organizaci\u00f3n Mundial de la Salud (OMS) define en 1958 a la fisioterapia como:<\/span><\/h3>\n<h3><span style=\"color: #0693e3;\">\u00abEl arte y la ciencia del tratamiento por medio del ejercicio terap\u00e9utico, calor, frio, luz, agua, masaje y electricidad. Adem\u00e1s la Fisioterapia incluye la ejecuci\u00f3n de pruebas el\u00e9ctricas y manuales para determinar el valor de la afectaci\u00f3n y fuerza muscular, pruebas para determinar las capacidades duncionales, la amplitud de movimient articular y medidas de la capacidad vital, as\u00ed como ayudas diagn\u00f3sticas para el control de la evoluci\u00f3n\u00bb. La Fisioterapia es una disciplina que se encuentra incluida en la Ley de Ordenaci\u00f3n de Profesiones Sanitarias.<\/span><\/h3>\n<p>\u00a0<\/p>\n<p><span style=\"color: #0693e3; font-size: revert; font-weight: revert;\">Nuestro centro fue inaugurado en 2003, aunque<\/span><\/p>\n<div id=\"sidebar-service\" class=\"row sidebar-service\">\n<div id=\"wbr_feature_page_widget-13\" class=\"col-md-3 hc_service_area widget wbr_feature_page_widget-13\">\n<div class=\"service-widget\">\n<h2><img decoding=\"async\" class=\"img-responsive\" style=\"color: initial; font-size: 18px;\" src=\"https:\/\/fisioterapiamaestria.com\/wp-content\/uploads\/2020\/01\/images-9-1.jpg\" \/><\/h2>\n<\/div>\n<\/div>\n<div id=\"wbr_feature_page_widget-12\" class=\"col-md-3 hc_service_area widget wbr_feature_page_widget-12\">\n<div class=\"service-widget\">\n<div>\n<p>\u00a0<\/p>\n<\/div>\n<p>\u00a0<\/p>\n<\/div>\n<\/div>\n<div id=\"wbr_feature_page_widget-11\" class=\"col-md-3 hc_service_area widget wbr_feature_page_widget-11\">\n<div class=\"service-widget\">\n<div><img decoding=\"async\" class=\"img-responsive\" src=\"https:\/\/fisioterapiamaestria.com\/wp-content\/uploads\/2020\/01\/Colegio-fisio-2.jpg\" \/>\n<p>\u00a0<\/p>\n<h2><a>Noticias<\/a><\/h2>\n<\/div>\n<p>Consulte las \u00faltimas noticias en nuestro ilustre colegio.<\/p>\n<\/div>\n<\/div>\n<\/div>\n<div class=\"row\">\n<div class=\"hc_home_border\">\u00a0<\/div>\n<\/div>\n<div class=\"container\">\u00a0<\/div>\n\n\n<p class=\"has-white-color has-vivid-cyan-blue-background-color has-text-color has-background\"><\/p>\n","protected":false},"excerpt":{"rendered":"<p>La Organizaci\u00f3n Mundial de la Salud (OMS) define en 1958 a la fisioterapia como: \u00abEl arte y la ciencia del tratamiento por medio del ejercicio terap\u00e9utico, calor, frio, luz, agua, masaje y electricidad. Adem\u00e1s la Fisioterapia incluye la ejecuci\u00f3n de pruebas el\u00e9ctricas y manuales para determinar el valor de la<\/p>\n","protected":false},"author":1,"featured_media":0,"parent":0,"menu_order":0,"comment_status":"closed","ping_status":"closed","template":"","meta":{"footnotes":""},"class_list":["post-67","page","type-page","status-publish","hentry"],"_links":{"self":[{"href":"https:\/\/fisioterapiamaestria.com\/index.php?rest_route=\/wp\/v2\/pages\/67","targetHints":{"allow":["GET"]}}],"collection":[{"href":"https:\/\/fisioterapiamaestria.com\/index.php?rest_route=\/wp\/v2\/pages"}],"about":[{"href":"https:\/\/fisioterapiamaestria.com\/index.php?rest_route=\/wp\/v2\/types\/page"}],"author":[{"embeddable":true,"href":"https:\/\/fisioterapiamaestria.com\/index.php?rest_route=\/wp\/v2\/users\/1"}],"replies":[{"embeddable":true,"href":"https:\/\/fisioterapiamaestria.com\/index.php?rest_route=%2Fwp%2Fv2%2Fcomments&post=67"}],"version-history":[{"count":12,"href":"https:\/\/fisioterapiamaestria.com\/index.php?rest_route=\/wp\/v2\/pages\/67\/revisions"}],"predecessor-version":[{"id":182,"href":"https:\/\/fisioterapiamaestria.com\/index.php?rest_route=\/wp\/v2\/pages\/67\/revisions\/182"}],"wp:attachment":[{"href":"https:\/\/fisioterapiamaestria.com\/index.php?rest_route=%2Fwp%2Fv2%2Fmedia&parent=67"}],"curies":[{"name":"wp","href":"https:\/\/api.w.org\/{rel}","templated":true}]}}